{"id":5087,"date":"2024-07-04T13:19:20","date_gmt":"2024-07-04T13:19:20","guid":{"rendered":"https:\/\/3dprint.capib.ro\/?post_type=product&#038;p=5087"},"modified":"2025-07-21T10:10:52","modified_gmt":"2025-07-21T10:10:52","slug":"kopfhorerhalter-45-lei","status":"publish","type":"product","link":"https:\/\/3dprint.capib.ro\/de\/product\/suport-casti-45-lei\/","title":{"rendered":"Kopfh\u00f6rer | Kopfh\u00f6rer | 45 lei"},"content":{"rendered":"<p>Unterst\u00fctzung f\u00fcr 3D-gedruckte Kopfh\u00f6rer.<\/p>\n<p>Lieferung nur 9,99 Lei<\/p>","protected":false},"excerpt":{"rendered":"<p>Lieferung 9,99 Lei.<\/p>\n<p>Moderner und minimalistischer Kopfh\u00f6rerhalter aus 45 Lei 3D gedruckt.<\/p>","protected":false},"featured_media":5091,"comment_status":"closed","ping_status":"closed","template":"","meta":{"_acf_changed":false,"slim_seo":{"description":"Lieferung 9,99 lei.3D gedruckt Kopfh\u00f6rerhalter modernen und minimalistischen Design von 45 lei. Enth\u00e4lt einen Halter f\u00fcr Ihr Mobiltelefon.","title":"Suport casti | Suport de casti | 45 lei - 3dprint.capib.ro"}},"product_brand":[],"product_cat":[89,96],"product_tag":[],"class_list":{"0":"post-5087","1":"product","2":"type-product","3":"status-publish","4":"has-post-thumbnail","6":"product_cat-accesorii-birou","7":"product_cat-magazin","8":"product_shipping_class-shop","9":"pa_p3d_model-43","10":"pa_p3d_model-32","11":"pa_p3d_model-87","12":"pa_p3d_model-88","14":"first","15":"onbackorder","16":"shipping-taxable","17":"purchasable","18":"product-type-variable"},"acf":[],"_links":{"self":[{"href":"https:\/\/3dprint.capib.ro\/de\/wp-json\/wp\/v2\/product\/5087","targetHints":{"allow":["GET"]}}],"collection":[{"href":"https:\/\/3dprint.capib.ro\/de\/wp-json\/wp\/v2\/product"}],"about":[{"href":"https:\/\/3dprint.capib.ro\/de\/wp-json\/wp\/v2\/types\/product"}],"replies":[{"embeddable":true,"href":"https:\/\/3dprint.capib.ro\/de\/wp-json\/wp\/v2\/comments?post=5087"}],"wp:featuredmedia":[{"embeddable":true,"href":"https:\/\/3dprint.capib.ro\/de\/wp-json\/wp\/v2\/media\/5091"}],"wp:attachment":[{"href":"https:\/\/3dprint.capib.ro\/de\/wp-json\/wp\/v2\/media?parent=5087"}],"wp:term":[{"taxonomy":"product_brand","embeddable":true,"href":"https:\/\/3dprint.capib.ro\/de\/wp-json\/wp\/v2\/product_brand?post=5087"},{"taxonomy":"product_cat","embeddable":true,"href":"https:\/\/3dprint.capib.ro\/de\/wp-json\/wp\/v2\/product_cat?post=5087"},{"taxonomy":"product_tag","embeddable":true,"href":"https:\/\/3dprint.capib.ro\/de\/wp-json\/wp\/v2\/product_tag?post=5087"}],"curies":[{"name":"wp","href":"https:\/\/api.w.org\/{rel}","templated":true}]}}