{"id":5486,"date":"2024-09-04T13:41:18","date_gmt":"2024-09-04T13:41:18","guid":{"rendered":"https:\/\/3dprint.capib.ro\/?post_type=product&#038;p=5486"},"modified":"2024-09-04T13:44:05","modified_gmt":"2024-09-04T13:44:05","slug":"motorradhelmhalter","status":"publish","type":"product","link":"https:\/\/3dprint.capib.ro\/de\/product\/suport-casca-moto\/","title":{"rendered":"Motorradhelmhalterung | Motorradhelm-Wandhalterung | 120 lei"},"content":{"rendered":"<p>Motorradhelmhalterung | Motorradhelm-Wandhalterung | 120 lei<\/p>\n<ul>\n<li><strong>Pla+ Hochwertiges Material<\/strong>: Sorgen Sie daf\u00fcr, dass Ihr Motorradhelm sicher und geordnet aufbewahrt wird, mit einem speziell entwickelten Halter, der Sch\u00e4den verhindert.<\/li>\n<li><strong>Robuste und langlebige Konstruktion<\/strong>Der Motorradhelmhalter ist aus strapazierf\u00e4higen Materialien gefertigt und bietet eine lange Lebensdauer und optimalen Schutz f\u00fcr Ihre Ausr\u00fcstung.<\/li>\n<li><strong>Schnell und einfach zu montieren<\/strong>Die Motorradhelmhalterung ist extrem einfach zu montieren und kann an der Wand, in der Garage oder einem anderen Stauraum angebracht werden.<\/li>\n<li><strong>Platz sparen<\/strong>Der Motorradhelmhalter erm\u00f6glicht es Ihnen, wertvollen Platz zu sparen und Ihren Helm in einer zug\u00e4nglichen und organisierten Position zu halten.<\/li>\n<li><strong>Optimaler Schutz f\u00fcr Ihren Helm<\/strong>Der Motorradhelmhalter verhindert Kratzer und andere Besch\u00e4digungen und h\u00e4lt Ihren Helm in hervorragendem Zustand.<\/li>\n<li><strong>Universelle Kompatibilit\u00e4t<\/strong>Dieser Motorradhelmhalter ist f\u00fcr jeden Helmtyp geeignet, unabh\u00e4ngig von Gr\u00f6\u00dfe und Modell.<\/li>\n<li><strong>Unverzichtbares Zubeh\u00f6r f\u00fcr Motorradfans<\/strong>Ob Sie ein Gelegenheitsmotorradfahrer oder ein engagierter Enthusiast sind, eine Motorradhelmhalterung ist ein unverzichtbares Zubeh\u00f6r f\u00fcr die Wartung Ihrer Ausr\u00fcstung.<\/li>\n<\/ul>\n<p>Sie k\u00f6nnen Ihre Ausr\u00fcstung sch\u00fctzen und in einem tadellosen Zustand halten. W\u00e4hlen Sie jetzt die ideale Halterung f\u00fcr Sie und genie\u00dfen Sie die Vorteile!<\/p>\n<p>&nbsp;<\/p>","protected":false},"excerpt":{"rendered":"<p><strong>Motorrad-Helmhalterung aus PLA+ best\u00e4ndigem Material<\/strong><\/p>\n<p>Bewahren Sie Ihren Motorradhelm sicher auf - mit einem Halter aus PLA+, einem haltbaren und leicht zu montierenden Material.<\/p>\n<p>Perfekt f\u00fcr jede Art von Helm, bietet dieser Halter Schutz und spart Platz!<\/p>","protected":false},"featured_media":5487,"comment_status":"closed","ping_status":"closed","template":"","meta":{"_acf_changed":false,"slim_seo":{"description":"Motorradhelmhalterung aus haltbarem PLA+ Material: Halten Sie Ihren Motorradhelm sicher und fest mit einer Halterung aus PLA+, einem haltbaren und leicht zu montierenden Material.","title":"Suport casca moto | Suport perete casca moto | 120 lei - 3dprint.capib.ro"}},"product_brand":[],"product_cat":[96],"product_tag":[],"class_list":{"0":"post-5486","1":"product","2":"type-product","3":"status-publish","4":"has-post-thumbnail","6":"product_cat-magazin","8":"first","9":"instock","10":"shipping-taxable","11":"purchasable","12":"product-type-simple"},"acf":[],"_links":{"self":[{"href":"https:\/\/3dprint.capib.ro\/de\/wp-json\/wp\/v2\/product\/5486","targetHints":{"allow":["GET"]}}],"collection":[{"href":"https:\/\/3dprint.capib.ro\/de\/wp-json\/wp\/v2\/product"}],"about":[{"href":"https:\/\/3dprint.capib.ro\/de\/wp-json\/wp\/v2\/types\/product"}],"replies":[{"embeddable":true,"href":"https:\/\/3dprint.capib.ro\/de\/wp-json\/wp\/v2\/comments?post=5486"}],"wp:featuredmedia":[{"embeddable":true,"href":"https:\/\/3dprint.capib.ro\/de\/wp-json\/wp\/v2\/media\/5487"}],"wp:attachment":[{"href":"https:\/\/3dprint.capib.ro\/de\/wp-json\/wp\/v2\/media?parent=5486"}],"wp:term":[{"taxonomy":"product_brand","embeddable":true,"href":"https:\/\/3dprint.capib.ro\/de\/wp-json\/wp\/v2\/product_brand?post=5486"},{"taxonomy":"product_cat","embeddable":true,"href":"https:\/\/3dprint.capib.ro\/de\/wp-json\/wp\/v2\/product_cat?post=5486"},{"taxonomy":"product_tag","embeddable":true,"href":"https:\/\/3dprint.capib.ro\/de\/wp-json\/wp\/v2\/product_tag?post=5486"}],"curies":[{"name":"wp","href":"https:\/\/api.w.org\/{rel}","templated":true}]}}