{"id":7399,"date":"2025-08-08T08:22:58","date_gmt":"2025-08-08T08:22:58","guid":{"rendered":"https:\/\/3dprint.capib.ro\/?post_type=product&#038;p=7399"},"modified":"2025-08-08T08:23:22","modified_gmt":"2025-08-08T08:23:22","slug":"duschscharnier","status":"publish","type":"product","link":"https:\/\/3dprint.capib.ro\/de\/product\/balama-dus\/","title":{"rendered":"Scharnier Dusche | Scharniere Badewanne Dusche | 40 lei"},"content":{"rendered":"<p data-start=\"35\" data-end=\"509\">Scharnier Dusche | Scharniere Badewanne Dusche | 40 lei<\/p>\n<p>Scharnier Scharnier aus Stoff <a href=\"https:\/\/dd-tuning.ro\/dlya-chogo-vikoristovuetsya-abs-plastik-v-avtomobilyah.html\">ABS<\/a> <a href=\"http:\/\/3dprint.capib.ro\/de\/\">resistent<\/a> ist die perfekte L\u00f6sung f\u00fcr Ihre Duscht\u00fcr und bietet sowohl Haltbarkeit als auch modernes Design. Das aus hochwertigem ABS (Acrylnitril-Butadien-Styrol) gefertigte Scharnier ist \u00e4u\u00dferst widerstandsf\u00e4hig gegen Abnutzung, Wasser und feuchte Umgebungsbedingungen und somit die ideale Wahl f\u00fcr Badezimmer. Seine Abmessungen sind 100\u00d723,5 mm und seine Dicke von 11,5 mm gew\u00e4hrleistet einen stabilen und sicheren Sitz, auch bei schwereren T\u00fcren.<\/p>\n<p data-start=\"511\" data-end=\"1045\">Ein weiterer Vorteil dieses Produkts ist der erschwingliche Preis von 14,99 Lei, der eine kosteng\u00fcnstige L\u00f6sung f\u00fcr die Renovierung von Badezimmern oder den Ersatz abgenutzter Scharniere bietet. Egal, ob Sie ein Profi oder ein Heimanwender sind, das ABS Dus-Scharnier ist einfach zu montieren, mit einer Vielzahl von T\u00fcrtypen kompatibel und f\u00fcr alle Arten von B\u00e4dern geeignet. Die Best\u00e4ndigkeit gegen Feuchtigkeit und Korrosion macht diese Art von Scharnieren perfekt f\u00fcr Badezimmer, die st\u00e4ndig Wasser und D\u00e4mpfen ausgesetzt sind.<\/p>\n<p data-start=\"1047\" data-end=\"1365\">Neben der Langlebigkeit des Materials sorgt das Scharnier f\u00fcr eine sanfte und leise Bewegung der T\u00fcr und verhindert so Quietschen und Besch\u00e4digungen. Das schlichte und effiziente Design passt perfekt in jedes Badezimmer. Die Duscht\u00fcr l\u00e4sst sich m\u00fchelos schlie\u00dfen und \u00f6ffnen und sorgt so f\u00fcr ein angenehmes Benutzererlebnis.<\/p>\n<ul>\n<li data-start=\"1746\" data-end=\"1771\">\n<p data-start=\"1748\" data-end=\"1771\">Material: langlebiges ABS<\/p>\n<\/li>\n<li data-start=\"1772\" data-end=\"1797\">\n<p data-start=\"1774\" data-end=\"1797\">Abmessungen: 100\u00d723,5 mm<\/p>\n<\/li>\n<li data-start=\"1798\" data-end=\"1816\">\n<p data-start=\"1800\" data-end=\"1816\">Dicke: 11,5 mm<\/p>\n<\/li>\n<li data-start=\"1817\" data-end=\"1847\">\n<p data-start=\"1819\" data-end=\"1847\">Lieferung f\u00fcr 14,99 Lei<\/p>\n<\/li>\n<li data-start=\"1848\" data-end=\"1864\">\n<p data-start=\"1850\" data-end=\"1864\">Leicht zu montieren<\/p>\n<\/li>\n<li data-start=\"1865\" data-end=\"1907\">\n<p data-start=\"1867\" data-end=\"1907\">Langlebig und resistent gegen Wasser und Feuchtigkeit<\/p>\n<\/li>\n<li data-start=\"1908\" data-end=\"1935\">\n<p data-start=\"1910\" data-end=\"1935\">Ideal f\u00fcr Duscht\u00fcren<\/p>\n<\/li>\n<li data-start=\"1936\" data-end=\"1963\">\n<p data-start=\"1938\" data-end=\"1963\">Modernes und effizientes Design<\/p>\n<\/li>\n<li data-start=\"1964\" data-end=\"1997\">\n<p data-start=\"1966\" data-end=\"1997\">Sanfte und leise Leistung<\/p>\n<\/li>\n<\/ul>\n<p data-start=\"1047\" data-end=\"1365\">","protected":false},"excerpt":{"rendered":"<p>Scharnier Dusche | Scharniere Badewanne Dusche | 40 lei<\/p>\n<ul>\n<li data-start=\"1407\" data-end=\"1432\">\n<p data-start=\"1409\" data-end=\"1432\">Material: langlebiges ABS<\/p>\n<\/li>\n<li data-start=\"1407\" data-end=\"1432\">Preis pro Satz von 2 St\u00fcck.<\/li>\n<li data-start=\"1433\" data-end=\"1458\">\n<p data-start=\"1435\" data-end=\"1458\">Abmessungen: 100\u00d723,5 mm, Dicke 11,5 mm<\/p>\n<\/li>\n<li data-start=\"1478\" data-end=\"1508\">\n<p data-start=\"1480\" data-end=\"1508\">Lieferung f\u00fcr 14,99 Lei<\/p>\n<\/li>\n<li data-start=\"1509\" data-end=\"1525\">\n<p data-start=\"1511\" data-end=\"1525\">Leicht zu montieren<\/p>\n<\/li>\n<li data-start=\"1569\" data-end=\"1596\">\n<p data-start=\"1571\" data-end=\"1596\">Ideal f\u00fcr Duscht\u00fcren<\/p>\n<\/li>\n<\/ul>","protected":false},"featured_media":7401,"comment_status":"closed","ping_status":"closed","template":"","meta":{"_acf_changed":false,"slim_seo":{"description":"Entdecken Sie das Dus-Scharnier aus langlebigem ABS-Material, ideal f\u00fcr Duscht\u00fcren. Abmessungen 100x23,5 mm, Dicke 11,5 mm, Lieferung f\u00fcr 14,99 Lei.","title":"Balama Dus | Balamale paravan cad\u0103 | 40 lei - 3dprint.capib.ro"}},"product_brand":[],"product_cat":[26,96],"product_tag":[],"class_list":{"0":"post-7399","1":"product","2":"type-product","3":"status-publish","4":"has-post-thumbnail","6":"product_cat-accesorii-baie","7":"product_cat-magazin","8":"product_shipping_class-shop","10":"first","11":"instock","12":"shipping-taxable","13":"purchasable","14":"product-type-simple"},"acf":[],"_links":{"self":[{"href":"https:\/\/3dprint.capib.ro\/de\/wp-json\/wp\/v2\/product\/7399","targetHints":{"allow":["GET"]}}],"collection":[{"href":"https:\/\/3dprint.capib.ro\/de\/wp-json\/wp\/v2\/product"}],"about":[{"href":"https:\/\/3dprint.capib.ro\/de\/wp-json\/wp\/v2\/types\/product"}],"replies":[{"embeddable":true,"href":"https:\/\/3dprint.capib.ro\/de\/wp-json\/wp\/v2\/comments?post=7399"}],"wp:featuredmedia":[{"embeddable":true,"href":"https:\/\/3dprint.capib.ro\/de\/wp-json\/wp\/v2\/media\/7401"}],"wp:attachment":[{"href":"https:\/\/3dprint.capib.ro\/de\/wp-json\/wp\/v2\/media?parent=7399"}],"wp:term":[{"taxonomy":"product_brand","embeddable":true,"href":"https:\/\/3dprint.capib.ro\/de\/wp-json\/wp\/v2\/product_brand?post=7399"},{"taxonomy":"product_cat","embeddable":true,"href":"https:\/\/3dprint.capib.ro\/de\/wp-json\/wp\/v2\/product_cat?post=7399"},{"taxonomy":"product_tag","embeddable":true,"href":"https:\/\/3dprint.capib.ro\/de\/wp-json\/wp\/v2\/product_tag?post=7399"}],"curies":[{"name":"wp","href":"https:\/\/api.w.org\/{rel}","templated":true}]}}