{"id":7429,"date":"2025-08-11T10:25:06","date_gmt":"2025-08-11T10:25:06","guid":{"rendered":"https:\/\/3dprint.capib.ro\/?post_type=product&#038;p=7429"},"modified":"2025-08-11T11:02:26","modified_gmt":"2025-08-11T11:02:26","slug":"werkzeughalter","status":"publish","type":"product","link":"https:\/\/3dprint.capib.ro\/de\/product\/suport-scule\/","title":{"rendered":"CNC-Werkzeughalter | Magnetische Werkzeughalter | 70 lei"},"content":{"rendered":"<p>CNC-Werkzeughalter | Magnetische Werkzeughalter | 70 lei<\/p>\n<p data-start=\"223\" data-end=\"301\"><strong data-start=\"223\" data-end=\"299\">CNC-Fr\u00e4sst\u00e4nder - schnelle und sichere Organisation in der Werkstatt<\/strong><\/p>\n<p data-start=\"303\" data-end=\"681\">Diese <strong data-start=\"309\" data-end=\"325\">Unterst\u00fctzung <\/strong>\u00a0Magnetic ist die praktische und tragbare L\u00f6sung, um Ihre CNC-Werkzeuge w\u00e4hrend der Arbeit organisiert, griffbereit und gesch\u00fctzt zu halten. Das Produkt wurde speziell f\u00fcr Werkst\u00e4tten entwickelt, die mit CNC-Fr\u00e4sern arbeiten. Es bietet einen sicheren Halt auf dem Maschinentisch und verf\u00fcgt \u00fcber einen starken Magnetfu\u00df oder optional \u00fcber einen Neodym-Magneten f\u00fcr zus\u00e4tzlichen Halt. Magnetische Werkzeughalterung<\/p>\n<p data-start=\"683\" data-end=\"956\">Sein <strong data-start=\"689\" data-end=\"720\">einen Halter f\u00fcr den Werkzeugorganisator<\/strong> Er ist kompakt und eignet sich ideal f\u00fcr die vor\u00fcbergehende Aufbewahrung von Werkzeugen beim schnellen Werkzeugwechsel oder bei kurzfristigen Projekten. Dank der robusten, aber leichten Konstruktion l\u00e4sst er sich leicht transportieren und bei Bedarf neu positionieren.<\/p>\n<p data-start=\"958\" data-end=\"1216\">Das clevere Design bietet Platz f\u00fcr verschiedene Gr\u00f6\u00dfen von <a href=\"http:\/\/3dprint.capib.ro\/de\/\">Werkzeug<\/a>, sie zu sch\u00fctzen <a href=\"https:\/\/dd-tuning.ro\/dlya-chogo-vikoristovuetsya-abs-plastik-v-avtomobilyah.html\">gegen<\/a> fallen oder besch\u00e4digt werden. Die magnetische Befestigung macht L\u00f6cher, Klammern oder Schrauben \u00fcberfl\u00fcssig, und die Montage und Demontage dauert nur Sekunden.<\/p>\n<p data-start=\"1218\" data-end=\"1392\">Ob Sie in einer professionellen oder einer Hobbywerkstatt arbeiten, dieses <strong data-start=\"1293\" data-end=\"1313\">CNC-Unterst\u00fctzung<\/strong> gibt Ihnen Ordnung, Effizienz und zus\u00e4tzliche Sicherheit f\u00fcr Ihre Ausr\u00fcstung.<\/p>\n<hr data-start=\"1394\" data-end=\"1397\" \/>\n<p data-start=\"1399\" data-end=\"1424\"><strong data-start=\"1399\" data-end=\"1424\">Merkmale der Tabelle:<\/strong><\/p>\n<div class=\"_tableContainer_1rjym_1\">\n<div class=\"_tableWrapper_1rjym_13 group flex w-fit flex-col-reverse\" tabindex=\"-1\">\n<table class=\"w-fit min-w-(--thread-content-width)\" data-start=\"1426\" data-end=\"2351\">\n<thead data-start=\"1426\" data-end=\"1528\">\n<tr data-start=\"1426\" data-end=\"1528\">\n<th data-start=\"1426\" data-end=\"1453\" data-col-size=\"sm\">Merkmal<\/th>\n<th data-start=\"1453\" data-end=\"1528\" data-col-size=\"sm\">Einzelheiten<\/th>\n<\/tr>\n<\/thead>\n<tbody data-start=\"1632\" data-end=\"2351\">\n<tr data-start=\"1632\" data-end=\"1734\">\n<td data-start=\"1632\" data-end=\"1659\" data-col-size=\"sm\">Produkttyp<\/td>\n<td data-start=\"1659\" data-end=\"1734\" data-col-size=\"sm\">Magnetischer CNC-Werkzeughalter<\/td>\n<\/tr>\n<tr data-start=\"1735\" data-end=\"1836\">\n<td data-start=\"1735\" data-end=\"1762\" data-col-size=\"sm\">Fix<\/td>\n<td data-col-size=\"sm\" data-start=\"1762\" data-end=\"1836\">Magnetische Basis oder Neodym-Magnet<\/td>\n<\/tr>\n<tr data-start=\"1837\" data-end=\"1939\">\n<td data-start=\"1837\" data-end=\"1865\" data-col-size=\"sm\">Verwenden Sie<\/td>\n<td data-col-size=\"sm\" data-start=\"1865\" data-end=\"1939\">Vor\u00fcbergehende Lagerung von CNC-Fr\u00e4swerkzeugen<\/td>\n<\/tr>\n<tr data-start=\"1940\" data-end=\"2042\">\n<td data-start=\"1940\" data-end=\"1968\" data-col-size=\"sm\">Tragbarkeit<\/td>\n<td data-col-size=\"sm\" data-start=\"1968\" data-end=\"2042\">Leicht zu transportieren und neu zu positionieren<\/td>\n<\/tr>\n<tr data-start=\"2043\" data-end=\"2145\">\n<td data-start=\"2043\" data-end=\"2071\" data-col-size=\"sm\">Material<\/td>\n<td data-col-size=\"sm\" data-start=\"2071\" data-end=\"2145\">Robuste, widerstandsf\u00e4hige Konstruktion<\/td>\n<\/tr>\n<tr data-start=\"2146\" data-end=\"2248\">\n<td data-start=\"2146\" data-end=\"2174\" data-col-size=\"sm\">Fit<\/td>\n<td data-col-size=\"sm\" data-start=\"2174\" data-end=\"2248\">Schnell, ohne L\u00f6cher oder Klammern<\/td>\n<\/tr>\n<tr data-start=\"2249\" data-end=\"2351\">\n<td data-start=\"2249\" data-end=\"2277\" data-col-size=\"sm\">Reiseziel<\/td>\n<td data-col-size=\"sm\" data-start=\"2277\" data-end=\"2351\">Professionelle und Hobby-Workshops<\/td>\n<\/tr>\n<\/tbody>\n<\/table>\n<\/div>\n<\/div>","protected":false},"excerpt":{"rendered":"<p><strong>Supo<\/strong>rt Magnetwerkzeuge f\u00fcr CNC-Fr\u00e4sen<\/p><\/p>\n<ul>\n<li><strong>Schnelle und sichere Befestigung auf dem Maschinentisch<\/strong><\/li>\n<li><strong>Hergestellt aus haltbarem ABS.<\/strong><\/li>\n<li><strong>Option Neodym-Magnet f\u00fcr bessere Haftung<\/strong><\/li>\n<li><strong>Leicht zu transportieren und neu zu positionieren<\/strong><\/li>\n<li><strong>Effiziente tempor\u00e4re Werkzeugorganisation<\/strong><\/li>\n<li><strong>Geeignet f\u00fcr professionelle Workshops.<\/strong><\/li>\n<\/ul>","protected":false},"featured_media":7432,"comment_status":"closed","ping_status":"closed","template":"","meta":{"_acf_changed":false,"slim_seo":{"description":"Magnetischer CNC-Werkzeughalter - schnelle und sichere Organisation. Tragbar, auf dem Tisch montierbar. Ideal f\u00fcr professionelle Werkst\u00e4tten. Magnetischer Werkzeughalter","title":"Suport Scule CNC | Suport Magnetic Scule\u200b\u200b | 70 lei - 3dprint.capib.ro"}},"product_brand":[],"product_cat":[96],"product_tag":[],"class_list":{"0":"post-7429","1":"product","2":"type-product","3":"status-publish","4":"has-post-thumbnail","6":"product_cat-magazin","7":"product_shipping_class-comanda-personalizata","8":"product_shipping_class-shop","10":"first","11":"instock","12":"shipping-taxable","13":"purchasable","14":"product-type-variable"},"acf":[],"_links":{"self":[{"href":"https:\/\/3dprint.capib.ro\/de\/wp-json\/wp\/v2\/product\/7429","targetHints":{"allow":["GET"]}}],"collection":[{"href":"https:\/\/3dprint.capib.ro\/de\/wp-json\/wp\/v2\/product"}],"about":[{"href":"https:\/\/3dprint.capib.ro\/de\/wp-json\/wp\/v2\/types\/product"}],"replies":[{"embeddable":true,"href":"https:\/\/3dprint.capib.ro\/de\/wp-json\/wp\/v2\/comments?post=7429"}],"wp:featuredmedia":[{"embeddable":true,"href":"https:\/\/3dprint.capib.ro\/de\/wp-json\/wp\/v2\/media\/7432"}],"wp:attachment":[{"href":"https:\/\/3dprint.capib.ro\/de\/wp-json\/wp\/v2\/media?parent=7429"}],"wp:term":[{"taxonomy":"product_brand","embeddable":true,"href":"https:\/\/3dprint.capib.ro\/de\/wp-json\/wp\/v2\/product_brand?post=7429"},{"taxonomy":"product_cat","embeddable":true,"href":"https:\/\/3dprint.capib.ro\/de\/wp-json\/wp\/v2\/product_cat?post=7429"},{"taxonomy":"product_tag","embeddable":true,"href":"https:\/\/3dprint.capib.ro\/de\/wp-json\/wp\/v2\/product_tag?post=7429"}],"curies":[{"name":"wp","href":"https:\/\/api.w.org\/{rel}","templated":true}]}}