{"id":7442,"date":"2025-08-11T14:18:40","date_gmt":"2025-08-11T14:18:40","guid":{"rendered":"https:\/\/3dprint.capib.ro\/?post_type=product&#038;p=7442"},"modified":"2025-08-11T21:07:48","modified_gmt":"2025-08-11T21:07:48","slug":"werkzeug-organisationshalter-2","status":"publish","type":"product","link":"https:\/\/3dprint.capib.ro\/de\/product\/suport-organizator-scule-2\/","title":{"rendered":"CNC-Werkzeugorganisator | CNC-Werkzeugorganisator | 50 lei"},"content":{"rendered":"<p data-start=\"222\" data-end=\"304\"><strong data-start=\"222\" data-end=\"302\">CNC-Werkzeug-Organisationshalter - pr\u00e4zise Organisation und sichere Montage in der Werkstatt<\/strong><\/p>\n<p data-start=\"306\" data-end=\"632\">Diese <strong data-start=\"312\" data-end=\"344\">CNC-Werkzeug-Organisatorhalter<\/strong> ist aus haltbarem ABS-Material gefertigt und bietet eine <a href=\"http:\/\/3dprint.capib.ro\/de\/\">L\u00f6sung<\/a> Praktisch und langlebig f\u00fcr die Aufbewahrung und den Schutz von Werkzeugen, die auf CNC-Fr\u00e4smaschinen verwendet werden. Durch seine robuste Konstruktion ist er sowohl f\u00fcr professionelle Werkst\u00e4tten als auch f\u00fcr Hobbybastler ideal.<\/p>\n<p data-start=\"634\" data-end=\"980\">Seine Konstruktion erm\u00f6glicht eine geordnete Anordnung der H\u00e4fen und sch\u00fctzt sie <a href=\"https:\/\/dd-tuning.ro\/dlya-chogo-vikoristovuetsya-abs-plastik-v-avtomobilyah.html\">gegen<\/a> Besch\u00e4digungen zu vermeiden und einen schnellen Zugang w\u00e4hrend der Arbeit zu gew\u00e4hrleisten. Es ist mit einem 2020-Profil-Klemmsystem ausgestattet, das mit zwei Schrauben M6 \u00d7 50 mm, Kopfkappe, gem\u00e4\u00df der Norm <strong data-start=\"916\" data-end=\"928\">ISO 4762<\/strong><\/p>\n<p data-start=\"982\" data-end=\"1257\">Diese <strong data-start=\"988\" data-end=\"1008\">CNC-Werkzeughalter<\/strong> ist nicht nur auf Funktionalit\u00e4t, sondern auch auf Effizienz ausgelegt. Spezielle F\u00e4cher erm\u00f6glichen das Ablegen von Werkzeugen, ohne dass die Gefahr besteht, dass sie herunterfallen oder zerkratzt werden, und die ABS-Konstruktion gew\u00e4hrleistet Widerstandsf\u00e4higkeit gegen St\u00f6\u00dfe, Abnutzung und anspruchsvolle Arbeitsumgebungen.<\/p>\n<p data-start=\"1259\" data-end=\"1506\">Das Set enth\u00e4lt <strong data-start=\"1273\" data-end=\"1288\">3 St\u00fctzen<\/strong>, So k\u00f6nnen Sie mehrere Arbeitsbereiche organisieren oder Werkzeuge nach Art, Gr\u00f6\u00dfe oder Design klassifizieren. Die Montage ist schnell und stabil, ohne dass zus\u00e4tzliche \u00c4nderungen am Profil, an dem es befestigt wird, erforderlich sind.<\/p>\n<p data-start=\"1508\" data-end=\"1688\">Mit seiner Kombination aus hochwertigem Material, sicherem Halt und kompaktem Design ist dieser Halter die ideale Wahl f\u00fcr alle, die eine aufger\u00e4umte und produktive Werkstatt suchen.<\/p>\n<h3 data-start=\"1695\" data-end=\"1720\"><strong data-start=\"1695\" data-end=\"1720\">Merkmale der Tabelle:<\/strong><\/h3>\n<div class=\"_tableContainer_1rjym_1\">\n<div class=\"_tableWrapper_1rjym_13 group flex w-fit flex-col-reverse\" tabindex=\"-1\">\n<table class=\"w-fit min-w-(--thread-content-width)\" data-start=\"1722\" data-end=\"2495\">\n<thead data-start=\"1722\" data-end=\"1807\">\n<tr data-start=\"1722\" data-end=\"1807\">\n<th data-start=\"1722\" data-end=\"1746\" data-col-size=\"sm\">Merkmal<\/th>\n<th data-start=\"1746\" data-end=\"1807\" data-col-size=\"md\">Einzelheiten<\/th>\n<\/tr>\n<\/thead>\n<tbody data-start=\"1894\" data-end=\"2495\">\n<tr data-start=\"1894\" data-end=\"1979\">\n<td data-start=\"1894\" data-end=\"1918\" data-col-size=\"sm\">Produkttyp<\/td>\n<td data-col-size=\"md\" data-start=\"1918\" data-end=\"1979\">CNC-Werkzeug-Organisatorhalter<\/td>\n<\/tr>\n<tr data-start=\"1980\" data-end=\"2065\">\n<td data-start=\"1980\" data-end=\"2004\" data-col-size=\"sm\">Material<\/td>\n<td data-col-size=\"md\" data-start=\"2004\" data-end=\"2065\">Widerstandsf\u00e4higes ABS<\/td>\n<\/tr>\n<tr data-start=\"2066\" data-end=\"2151\">\n<td data-start=\"2066\" data-end=\"2090\" data-col-size=\"sm\">Fix<\/td>\n<td data-col-size=\"md\" data-start=\"2090\" data-end=\"2151\">2 Schrauben M6 \u00d7 50 mm ISO 4762 (entspricht 1\/4-20 \u00d7 2\u2033)<\/td>\n<\/tr>\n<tr data-start=\"2152\" data-end=\"2237\">\n<td data-start=\"2152\" data-end=\"2176\" data-col-size=\"sm\">Kompatibilit\u00e4t<\/td>\n<td data-col-size=\"md\" data-start=\"2176\" data-end=\"2237\">2020 Profil<\/td>\n<\/tr>\n<tr data-start=\"2238\" data-end=\"2323\">\n<td data-start=\"2238\" data-end=\"2262\" data-col-size=\"sm\">Funktionsweise<\/td>\n<td data-col-size=\"md\" data-start=\"2262\" data-end=\"2323\">Lagerung von CNC-Hafenwerkzeugmaschinen<\/td>\n<\/tr>\n<tr data-start=\"2324\" data-end=\"2409\">\n<td data-start=\"2324\" data-end=\"2348\" data-col-size=\"sm\">Inklusive Set<\/td>\n<td data-col-size=\"md\" data-start=\"2348\" data-end=\"2409\">3 St\u00fctzen<\/td>\n<\/tr>\n<tr data-start=\"2410\" data-end=\"2495\">\n<td data-start=\"2410\" data-end=\"2434\" data-col-size=\"sm\">Verwenden Sie<\/td>\n<td data-start=\"2434\" data-end=\"2495\" data-col-size=\"md\">Professionelle und Hobby-Workshops<\/td>\n<\/tr>\n<\/tbody>\n<\/table>\n<\/div>\n<\/div>","protected":false},"excerpt":{"rendered":"<ul>\n<li data-start=\"2545\" data-end=\"2599\">\n<p data-start=\"2547\" data-end=\"2599\"><strong>CNC-Werkzeug-Organisationshalter aus haltbarem ABS<\/strong><\/p>\n<\/li>\n<li data-start=\"2600\" data-end=\"2657\">\n<p data-start=\"2602\" data-end=\"2657\"><strong>Befestigung am Profil 2020 mit Schrauben M6 \u00d7 50 mm ISO 4762<\/strong><\/p>\n<\/li>\n<li data-start=\"2703\" data-end=\"2757\">\n<p data-start=\"2705\" data-end=\"2757\"><strong>Inklusive 3 Halterungen f\u00fcr vollst\u00e4ndige Organisation<\/strong><\/p>\n<\/li>\n<li data-start=\"2758\" data-end=\"2812\">\n<p data-start=\"2760\" data-end=\"2812\"><strong>Sch\u00fctzt die Werkzeuge und erh\u00f6ht die Effizienz der Werkstatt<\/strong><\/p>\n<\/li>\n<li data-start=\"2813\" data-end=\"2855\">\n<p data-start=\"2815\" data-end=\"2855\"><strong>Ideal f\u00fcr professionelle CNC.<\/strong><\/p>\n<\/li>\n<\/ul>","protected":false},"featured_media":7444,"comment_status":"closed","ping_status":"closed","template":"","meta":{"_acf_changed":false,"slim_seo":{"description":"CNC-Werkzeug-Organisationshalter aus ABS, mit M6 \u00d7 50 mm ISO 4762 Klemmung. Enth\u00e4lt 3 Halter zum Schutz und zur Organisation von CNC-Werkzeugen.","title":"Suport organizator scule CNC | Suport Scule CNC\u00a0 | 50 lei - 3dprint.capib.ro"}},"product_brand":[],"product_cat":[96],"product_tag":[],"class_list":{"0":"post-7442","1":"product","2":"type-product","3":"status-publish","4":"has-post-thumbnail","6":"product_cat-magazin","7":"product_shipping_class-comanda-personalizata","8":"product_shipping_class-shop","10":"first","11":"instock","12":"shipping-taxable","13":"purchasable","14":"product-type-simple"},"acf":[],"_links":{"self":[{"href":"https:\/\/3dprint.capib.ro\/de\/wp-json\/wp\/v2\/product\/7442","targetHints":{"allow":["GET"]}}],"collection":[{"href":"https:\/\/3dprint.capib.ro\/de\/wp-json\/wp\/v2\/product"}],"about":[{"href":"https:\/\/3dprint.capib.ro\/de\/wp-json\/wp\/v2\/types\/product"}],"replies":[{"embeddable":true,"href":"https:\/\/3dprint.capib.ro\/de\/wp-json\/wp\/v2\/comments?post=7442"}],"wp:featuredmedia":[{"embeddable":true,"href":"https:\/\/3dprint.capib.ro\/de\/wp-json\/wp\/v2\/media\/7444"}],"wp:attachment":[{"href":"https:\/\/3dprint.capib.ro\/de\/wp-json\/wp\/v2\/media?parent=7442"}],"wp:term":[{"taxonomy":"product_brand","embeddable":true,"href":"https:\/\/3dprint.capib.ro\/de\/wp-json\/wp\/v2\/product_brand?post=7442"},{"taxonomy":"product_cat","embeddable":true,"href":"https:\/\/3dprint.capib.ro\/de\/wp-json\/wp\/v2\/product_cat?post=7442"},{"taxonomy":"product_tag","embeddable":true,"href":"https:\/\/3dprint.capib.ro\/de\/wp-json\/wp\/v2\/product_tag?post=7442"}],"curies":[{"name":"wp","href":"https:\/\/api.w.org\/{rel}","templated":true}]}}