{"id":7714,"date":"2025-09-02T14:42:42","date_gmt":"2025-09-02T14:42:42","guid":{"rendered":"https:\/\/3dprint.capib.ro\/?post_type=product&#038;p=7714"},"modified":"2025-12-24T13:04:05","modified_gmt":"2025-12-24T13:04:05","slug":"cupra-logo","status":"publish","type":"product","link":"https:\/\/3dprint.capib.ro\/de\/product\/logo-cupra\/","title":{"rendered":"Cupra Logo | Autozubeh\u00f6r | 100lei"},"content":{"rendered":"<p>Verleihen Sie Ihrem Auto einen zus\u00e4tzlichen Hauch von Stil und Sportlichkeit mit diesem Cupra-Logo, das mit Pr\u00e4zision und Liebe zum Detail gefertigt wurde. Perfekt f\u00fcr Cupra-Enthusiasten oder diejenigen, die das \u00c4u\u00dfere und Innere ihres Autos personalisieren m\u00f6chten. Das Logo ist schnell anzubringen und bietet einen erstklassigen Look.<\/p>\n<p>Das Produkt besteht aus hochwertigem ABS, das sorgf\u00e4ltig verarbeitet wurde, um das Originaldesign originalgetreu zu reproduzieren. Dank des modernen Herstellungsverfahrens ist das Logo sehr widerstandsf\u00e4hig gegen Witterungseinfl\u00fcsse, UV-Strahlen und Kratzer und beh\u00e4lt sein makelloses Aussehen \u00fcber die Zeit bei.<\/p>\n<p>Er kann entweder am K\u00fchlergrill, am Kofferraum, am Lenkrad oder an anderen geeigneten Oberfl\u00e4chen angebracht werden und ist somit die ideale Wahl f\u00fcr Individualisierungsprojekte, Tuning oder f\u00fcr alle, die ihrem Auto ein authentisches, sportliches Detail hinzuf\u00fcgen m\u00f6chten.<\/p>\n<p>Hauptmerkmale<\/p>\n<table class=\"w-fit min-w-(--thread-content-width)\" style=\"height: 403px;\" width=\"611\" data-start=\"93\" data-end=\"660\">\n<thead data-start=\"93\" data-end=\"130\">\n<tr data-start=\"93\" data-end=\"130\">\n<th data-start=\"93\" data-end=\"119\" data-col-size=\"sm\">Merkmal<\/th>\n<th data-start=\"119\" data-end=\"130\" data-col-size=\"md\">Einzelheiten<\/th>\n<\/tr>\n<\/thead>\n<tbody data-start=\"170\" data-end=\"660\">\n<tr data-start=\"170\" data-end=\"227\">\n<td data-start=\"170\" data-end=\"197\" data-col-size=\"sm\">Kompatibilit\u00e4t<\/td>\n<td data-start=\"197\" data-end=\"227\" data-col-size=\"md\">Cupra und Seat Cupra Modelle<\/td>\n<\/tr>\n<tr data-start=\"228\" data-end=\"278\">\n<td data-start=\"228\" data-end=\"255\" data-col-size=\"sm\">Teil Typ<\/td>\n<td data-start=\"255\" data-end=\"278\" data-col-size=\"md\">Logo \/ Autoabzeichen<\/td>\n<\/tr>\n<tr data-start=\"279\" data-end=\"341\">\n<td data-start=\"279\" data-end=\"306\" data-col-size=\"sm\">Material<\/td>\n<td data-start=\"306\" data-end=\"341\" data-col-size=\"md\">\u00a0ABS-Version = ABS-resistent ABS-Harz-Version = ABS-Harz<\/td>\n<\/tr>\n<tr data-start=\"342\" data-end=\"409\">\n<td data-start=\"342\" data-end=\"369\" data-col-size=\"sm\">Herstellungsverfahren<\/td>\n<td data-start=\"369\" data-end=\"409\" data-col-size=\"md\">Originalgetreue Nachbildung des Originaldesigns<\/td>\n<\/tr>\n<tr data-start=\"410\" data-end=\"497\">\n<td data-start=\"410\" data-end=\"437\" data-col-size=\"sm\">montage<\/td>\n<td data-start=\"437\" data-end=\"497\" data-col-size=\"md\">Einfache, durch Kleben oder Klemmen, Montage am Griff, Kofferraum oder Innenraum<\/td>\n<\/tr>\n<tr data-start=\"498\" data-end=\"555\">\n<td data-start=\"498\" data-end=\"525\" data-col-size=\"sm\">Widerstand<\/td>\n<td data-start=\"525\" data-end=\"555\" data-col-size=\"md\">\u00a0ABS-Harz ist widerstandsf\u00e4higer gegen Witterungseinfl\u00fcsse, UV-Strahlung und Kratzer<\/td>\n<\/tr>\n<tr data-start=\"556\" data-end=\"593\">\n<td data-start=\"556\" data-end=\"583\" data-col-size=\"sm\">Preis<\/td>\n<td data-start=\"583\" data-end=\"593\" data-col-size=\"md\">100 Lei pro St\u00fcck \/ 250lei handbemalte Version<\/td>\n<\/tr>\n<tr data-start=\"594\" data-end=\"660\">\n<td data-start=\"594\" data-end=\"621\" data-col-size=\"sm\">Verwenden Sie<\/td>\n<td data-start=\"621\" data-end=\"660\" data-col-size=\"md\">Gestalten und versch\u00f6nern Sie Ihr Auto<\/td>\n<\/tr>\n<\/tbody>\n<\/table>","protected":false},"excerpt":{"rendered":"<ul>\n<li><strong>Zubeh\u00f6r f\u00fcr jeden Autotyp<\/strong><\/li>\n<li data-start=\"132\" data-end=\"231\"><strong>Hergestellt aus ABS-Material, das in der Automobilindustrie verwendet wird<\/strong><\/li>\n<li><strong>Einfache Montage: schneller und einfacher Einbau<\/strong><\/li>\n<\/ul>","protected":false},"featured_media":7716,"comment_status":"closed","ping_status":"closed","template":"","meta":{"_acf_changed":false,"slim_seo":{"description":"Cupra-Logo - sportliche und haltbare Plakette, ideal f\u00fcr die Individualisierung, das Tuning und die Restaurierung von Fahrzeugen. Hochwertiges Design, schnelle Montage und originaler Look.","title":"Logo Cupra | Accesoriu Ma\u0219in\u0103 | 100lei - 3dprint.capib.ro"}},"product_brand":[],"product_cat":[262,275,96],"product_tag":[],"class_list":{"0":"post-7714","1":"product","2":"type-product","3":"status-publish","4":"has-post-thumbnail","6":"product_cat-accesorii-auto","7":"product_cat-cupra","8":"product_cat-magazin","9":"product_shipping_class-shop","11":"first","12":"instock","13":"shipping-taxable","14":"purchasable","15":"product-type-variable"},"acf":[],"_links":{"self":[{"href":"https:\/\/3dprint.capib.ro\/de\/wp-json\/wp\/v2\/product\/7714","targetHints":{"allow":["GET"]}}],"collection":[{"href":"https:\/\/3dprint.capib.ro\/de\/wp-json\/wp\/v2\/product"}],"about":[{"href":"https:\/\/3dprint.capib.ro\/de\/wp-json\/wp\/v2\/types\/product"}],"replies":[{"embeddable":true,"href":"https:\/\/3dprint.capib.ro\/de\/wp-json\/wp\/v2\/comments?post=7714"}],"wp:featuredmedia":[{"embeddable":true,"href":"https:\/\/3dprint.capib.ro\/de\/wp-json\/wp\/v2\/media\/7716"}],"wp:attachment":[{"href":"https:\/\/3dprint.capib.ro\/de\/wp-json\/wp\/v2\/media?parent=7714"}],"wp:term":[{"taxonomy":"product_brand","embeddable":true,"href":"https:\/\/3dprint.capib.ro\/de\/wp-json\/wp\/v2\/product_brand?post=7714"},{"taxonomy":"product_cat","embeddable":true,"href":"https:\/\/3dprint.capib.ro\/de\/wp-json\/wp\/v2\/product_cat?post=7714"},{"taxonomy":"product_tag","embeddable":true,"href":"https:\/\/3dprint.capib.ro\/de\/wp-json\/wp\/v2\/product_tag?post=7714"}],"curies":[{"name":"wp","href":"https:\/\/api.w.org\/{rel}","templated":true}]}}